{"id":4697,"date":"2024-02-05T09:21:58","date_gmt":"2024-02-05T09:21:58","guid":{"rendered":"https:\/\/subutayhanaltintas.com\/?page_id=4697"},"modified":"2024-02-05T09:31:10","modified_gmt":"2024-02-05T09:31:10","slug":"saglikli-ve-guzel-bir-guluse-ulasmanin-yolu-ortodontik-tedavi-hakkinda-her-sey","status":"publish","type":"page","link":"https:\/\/subutayhanaltintas.com\/en\/saglikli-ve-guzel-bir-guluse-ulasmanin-yolu-ortodontik-tedavi-hakkinda-her-sey\/","title":{"rendered":"Sa\u011fl\u0131kl\u0131 ve G\u00fczel Bir G\u00fcl\u00fc\u015fe Ula\u015fman\u0131n Yolu: Ortodontik Tedavi Hakk\u0131nda Her \u015eey"},"content":{"rendered":"<div data-elementor-type=\"wp-page\" data-elementor-id=\"4697\" class=\"elementor elementor-4697\">\n\t\t\t\t\t\t\t\t\t<section class=\"elementor-section elementor-top-section elementor-element elementor-element-7cd4a2cf elementor-section-boxed elementor-section-height-default elementor-section-height-default\" data-id=\"7cd4a2cf\" data-element_type=\"section\">\n\t\t\t\t\t\t<div class=\"elementor-container elementor-column-gap-default\">\n\t\t\t\t\t<div class=\"elementor-column elementor-col-100 elementor-top-column elementor-element elementor-element-3c211e72\" data-id=\"3c211e72\" data-element_type=\"column\">\n\t\t\t<div class=\"elementor-widget-wrap elementor-element-populated\">\n\t\t\t\t\t\t\t\t<div class=\"elementor-element elementor-element-4b19e243 elementor-widget elementor-widget-text-editor\" data-id=\"4b19e243\" data-element_type=\"widget\" data-widget_type=\"text-editor.default\">\n\t\t\t\t<div class=\"elementor-widget-container\">\n\t\t\t<style>\/*! elementor - v3.12.2 - 23-04-2023 *\/\n.elementor-widget-text-editor.elementor-drop-cap-view-stacked .elementor-drop-cap{background-color:#69727d;color:#fff}.elementor-widget-text-editor.elementor-drop-cap-view-framed .elementor-drop-cap{color:#69727d;border:3px solid;background-color:transparent}.elementor-widget-text-editor:not(.elementor-drop-cap-view-default) .elementor-drop-cap{margin-top:8px}.elementor-widget-text-editor:not(.elementor-drop-cap-view-default) .elementor-drop-cap-letter{width:1em;height:1em}.elementor-widget-text-editor .elementor-drop-cap{float:left;text-align:center;line-height:1;font-size:50px}.elementor-widget-text-editor .elementor-drop-cap-letter{display:inline-block}<\/style>\t\t\t\t<!-- wp:paragraph -->\n<p>G\u00fcl\u00fc\u015f\u00fcn\u00fcz, sadece d\u0131\u015f g\u00f6r\u00fcn\u00fc\u015f\u00fcn\u00fcz\u00fc de\u011fil, ayn\u0131 zamanda genel sa\u011fl\u0131\u011f\u0131n\u0131z\u0131 da yans\u0131tan \u00f6nemli bir unsurdur. Ortodontik tedavi, d\u00fczensiz di\u015flerinizi d\u00fczeltmek ve sa\u011fl\u0131kl\u0131 bir g\u00fcl\u00fc\u015fe kavu\u015fman\u0131z\u0131 sa\u011flamak i\u00e7in kullan\u0131lan etkili bir y\u00f6ntemdir. Bu yaz\u0131da, ortodontik tedavinin ne oldu\u011funu, kimler i\u00e7in uygun oldu\u011funu inceleyece\u011fiz.<\/p>\n<!-- \/wp:paragraph -->\n\n<!-- wp:paragraph -->\n<p>Di\u015f Teli Nedir?<\/p>\n<!-- \/wp:paragraph -->\n\n<!-- wp:paragraph -->\n<p>Ortodontik tedavide s\u0131k\u00e7a kullan\u0131lan bir y\u00f6ntem olan &#8220;di\u015f teli&#8221;, d\u00fczensiz di\u015fleri d\u00fczeltmek ve \u00e7ene yap\u0131s\u0131n\u0131 d\u00fczenlemek amac\u0131yla di\u015flere tak\u0131lan bir apareydir. Metal braketler, tel ve lastik halkalar i\u00e7eren di\u015f telleri, tedavi s\u00fcrecini etkili bir \u015fekilde y\u00f6nlendirmeye yard\u0131mc\u0131 olur. Invisalign yani \u015feffaf ortodonti \u00e7\u00f6z\u00fcm\u00fc ise; geleneksel di\u015f tellerinden farkl\u0131 olarak, kolayl\u0131kla tak\u0131l\u0131p \u00e7\u0131kar\u0131lan plaklar kullanarak di\u015f d\u00fczeltme sa\u011flayan modern bir ortodontik tedavi y\u00f6ntemidir. G\u00f6r\u00fcnmez olmalar\u0131, estetik kayg\u0131lar\u0131 olan bireyler i\u00e7in ideal bir se\u00e7enek sunar.<\/p>\n<!-- \/wp:paragraph -->\n\n<!-- wp:paragraph -->\n<p>Teller veya \u015feffaf plaklar ile yap\u0131lan bu tedavi genellikle gen\u00e7ler i\u00e7in d\u00fc\u015f\u00fcn\u00fclse de, asl\u0131nda her ya\u015f grubundan bireylere hitap eder. \u00c7ocuklar, gen\u00e7ler ve yeti\u015fkinler, di\u015f problemlerini \u00e7\u00f6zmek ve sa\u011fl\u0131kl\u0131 bir g\u00fcl\u00fc\u015fe kavu\u015fmak i\u00e7in ortodontik tedaviyi tercih edebilirler. Ancak k\u00fc\u00e7\u00fck ya\u015fta ba\u015flanan ortodontik tedaviyle di\u015f ve \u00e7ene geli\u015fimi desteklenerek ileride daha b\u00fcy\u00fck problemler ya\u015faman\u0131n \u00f6n\u00fcne ge\u00e7ilebilir.\u00a0<\/p>\n<!-- \/wp:paragraph -->\n\n<!-- wp:paragraph -->\n<p>Di\u015f ve \u00e7ene d\u00fczensizliklerinin bu tedaviyle d\u00fczeltilmesinin yan\u0131 s\u0131ra, \u00e7ene problemleri ve solunum bozukluklar\u0131 gibi fonksiyonel sorunlar da d\u00fczeltilebilir. Bu, genel sa\u011fl\u0131\u011f\u0131n\u0131z\u0131 iyile\u015ftirebilir ve a\u011f\u0131z solunumu gibi sorunlara \u00e7\u00f6z\u00fcm sa\u011flayabilir.<\/p>\n<!-- \/wp:paragraph -->\n\n<!-- wp:paragraph -->\n<p>\u00d6zetle ortodontik tedavi, sa\u011fl\u0131kl\u0131 ve estetik bir g\u00fcl\u00fc\u015fe ula\u015fman\u0131n g\u00fcvenilir bir yoludur. Di\u015f teli veya \u015feffaf plak gibi se\u00e7eneklerle, herkes kendi ihtiya\u00e7lar\u0131na uygun bir \u00e7\u00f6z\u00fcm bulabilir. Sa\u011fl\u0131kl\u0131 bir g\u00fcl\u00fc\u015fe ad\u0131m atmak i\u00e7in bir di\u015f hekimiyle g\u00f6r\u00fc\u015fmek, sizin i\u00e7in en uygun tedavi plan\u0131n\u0131 belirlemenin ilk ad\u0131m\u0131 olabilir.<\/p>\n<!-- \/wp:paragraph -->\t\t\t\t\t\t<\/div>\n\t\t\t\t<\/div>\n\t\t\t\t\t<\/div>\n\t\t<\/div>\n\t\t\t\t\t\t\t<\/div>\n\t\t<\/section>\n\t\t\t\t\t\t\t<\/div>","protected":false},"excerpt":{"rendered":"<p>G\u00fcl\u00fc\u015f\u00fcn\u00fcz, sadece d\u0131\u015f g\u00f6r\u00fcn\u00fc\u015f\u00fcn\u00fcz\u00fc de\u011fil, ayn\u0131 zamanda genel sa\u011fl\u0131\u011f\u0131n\u0131z\u0131 da yans\u0131tan \u00f6nemli bir unsurdur. Ortodontik tedavi, d\u00fczensiz di\u015flerinizi d\u00fczeltmek ve sa\u011fl\u0131kl\u0131 bir g\u00fcl\u00fc\u015fe kavu\u015fman\u0131z\u0131 sa\u011flamak i\u00e7in kullan\u0131lan etkili bir y\u00f6ntemdir. Bu yaz\u0131da, ortodontik tedavinin ne oldu\u011funu, kimler i\u00e7in uygun oldu\u011funu inceleyece\u011fiz. Di\u015f Teli Nedir? Ortodontik tedavide s\u0131k\u00e7a kullan\u0131lan bir y\u00f6ntem olan &#8220;di\u015f teli&#8221;, d\u00fczensiz di\u015fleri d\u00fczeltmek ve \u00e7ene yap\u0131s\u0131n\u0131 d\u00fczenlemek amac\u0131yla di\u015flere tak\u0131lan bir apareydir. Metal braketler, tel ve lastik halkalar i\u00e7eren di\u015f telleri, tedavi s\u00fcrecini etkili bir \u015fekilde y\u00f6nlendirmeye yard\u0131mc\u0131 olur. Invisalign yani \u015feffaf ortodonti \u00e7\u00f6z\u00fcm\u00fc ise; geleneksel di\u015f tellerinden farkl\u0131 olarak, kolayl\u0131kla tak\u0131l\u0131p \u00e7\u0131kar\u0131lan plaklar kullanarak di\u015f d\u00fczeltme sa\u011flayan modern bir ortodontik tedavi y\u00f6ntemidir. G\u00f6r\u00fcnmez olmalar\u0131, estetik kayg\u0131lar\u0131 olan bireyler i\u00e7in ideal bir se\u00e7enek sunar. Teller veya \u015feffaf plaklar ile yap\u0131lan bu tedavi genellikle gen\u00e7ler i\u00e7in d\u00fc\u015f\u00fcn\u00fclse de, asl\u0131nda her ya\u015f grubundan bireylere hitap eder. \u00c7ocuklar, gen\u00e7ler ve yeti\u015fkinler, di\u015f problemlerini \u00e7\u00f6zmek ve sa\u011fl\u0131kl\u0131 bir g\u00fcl\u00fc\u015fe kavu\u015fmak i\u00e7in ortodontik tedaviyi tercih edebilirler. Ancak k\u00fc\u00e7\u00fck ya\u015fta ba\u015flanan ortodontik tedaviyle di\u015f ve \u00e7ene geli\u015fimi desteklenerek ileride daha b\u00fcy\u00fck problemler ya\u015faman\u0131n \u00f6n\u00fcne ge\u00e7ilebilir.\u00a0 Di\u015f ve \u00e7ene d\u00fczensizliklerinin bu tedaviyle d\u00fczeltilmesinin yan\u0131 s\u0131ra, \u00e7ene problemleri ve solunum bozukluklar\u0131 gibi fonksiyonel sorunlar da d\u00fczeltilebilir. Bu, genel sa\u011fl\u0131\u011f\u0131n\u0131z\u0131 iyile\u015ftirebilir ve a\u011f\u0131z solunumu gibi sorunlara \u00e7\u00f6z\u00fcm sa\u011flayabilir. \u00d6zetle ortodontik tedavi, sa\u011fl\u0131kl\u0131 ve estetik bir g\u00fcl\u00fc\u015fe ula\u015fman\u0131n g\u00fcvenilir bir yoludur. Di\u015f teli veya \u015feffaf plak gibi se\u00e7eneklerle, herkes kendi ihtiya\u00e7lar\u0131na uygun bir \u00e7\u00f6z\u00fcm bulabilir. Sa\u011fl\u0131kl\u0131 bir g\u00fcl\u00fc\u015fe ad\u0131m atmak i\u00e7in bir di\u015f hekimiyle g\u00f6r\u00fc\u015fmek, sizin i\u00e7in en uygun tedavi plan\u0131n\u0131 belirlemenin ilk ad\u0131m\u0131 olabilir.<\/p>","protected":false},"author":2,"featured_media":0,"parent":0,"menu_order":0,"comment_status":"closed","ping_status":"closed","template":"","meta":{"footnotes":""},"class_list":["post-4697","page","type-page","status-publish","hentry"],"yoast_head":"<!-- This site is optimized with the Yoast SEO plugin v21.9.1 - https:\/\/yoast.com\/wordpress\/plugins\/seo\/ -->\n<title>Sa\u011fl\u0131kl\u0131 ve G\u00fczel Bir G\u00fcl\u00fc\u015fe Ula\u015fman\u0131n Yolu: Ortodontik Tedavi Hakk\u0131nda Her \u015eey - Subutay Han Alt\u0131nta\u015f<\/title>\n<meta name=\"robots\" content=\"index, follow, max-snippet:-1, max-image-preview:large, max-video-preview:-1\" \/>\n<link rel=\"canonical\" href=\"https:\/\/subutayhanaltintas.com\/en\/saglikli-ve-guzel-bir-guluse-ulasmanin-yolu-ortodontik-tedavi-hakkinda-her-sey\/\" \/>\n<meta property=\"og:locale\" content=\"en_US\" \/>\n<meta property=\"og:type\" content=\"article\" \/>\n<meta property=\"og:title\" content=\"Sa\u011fl\u0131kl\u0131 ve G\u00fczel Bir G\u00fcl\u00fc\u015fe Ula\u015fman\u0131n Yolu: Ortodontik Tedavi Hakk\u0131nda Her \u015eey - Subutay Han Alt\u0131nta\u015f\" \/>\n<meta property=\"og:description\" content=\"G\u00fcl\u00fc\u015f\u00fcn\u00fcz, sadece d\u0131\u015f g\u00f6r\u00fcn\u00fc\u015f\u00fcn\u00fcz\u00fc de\u011fil, ayn\u0131 zamanda genel sa\u011fl\u0131\u011f\u0131n\u0131z\u0131 da yans\u0131tan \u00f6nemli bir unsurdur. Ortodontik tedavi, d\u00fczensiz di\u015flerinizi d\u00fczeltmek ve sa\u011fl\u0131kl\u0131 bir g\u00fcl\u00fc\u015fe kavu\u015fman\u0131z\u0131 sa\u011flamak i\u00e7in kullan\u0131lan etkili bir y\u00f6ntemdir. Bu yaz\u0131da, ortodontik tedavinin ne oldu\u011funu, kimler i\u00e7in uygun oldu\u011funu inceleyece\u011fiz. Di\u015f Teli Nedir? Ortodontik tedavide s\u0131k\u00e7a kullan\u0131lan bir y\u00f6ntem olan &#8220;di\u015f teli&#8221;, d\u00fczensiz di\u015fleri d\u00fczeltmek ve \u00e7ene yap\u0131s\u0131n\u0131 d\u00fczenlemek amac\u0131yla di\u015flere tak\u0131lan bir apareydir. Metal braketler, tel ve lastik halkalar i\u00e7eren di\u015f telleri, tedavi s\u00fcrecini etkili bir \u015fekilde y\u00f6nlendirmeye yard\u0131mc\u0131 olur. Invisalign yani \u015feffaf ortodonti \u00e7\u00f6z\u00fcm\u00fc ise; geleneksel di\u015f tellerinden farkl\u0131 olarak, kolayl\u0131kla tak\u0131l\u0131p \u00e7\u0131kar\u0131lan plaklar kullanarak di\u015f d\u00fczeltme sa\u011flayan modern bir ortodontik tedavi y\u00f6ntemidir. G\u00f6r\u00fcnmez olmalar\u0131, estetik kayg\u0131lar\u0131 olan bireyler i\u00e7in ideal bir se\u00e7enek sunar. Teller veya \u015feffaf plaklar ile yap\u0131lan bu tedavi genellikle gen\u00e7ler i\u00e7in d\u00fc\u015f\u00fcn\u00fclse de, asl\u0131nda her ya\u015f grubundan bireylere hitap eder. \u00c7ocuklar, gen\u00e7ler ve yeti\u015fkinler, di\u015f problemlerini \u00e7\u00f6zmek ve sa\u011fl\u0131kl\u0131 bir g\u00fcl\u00fc\u015fe kavu\u015fmak i\u00e7in ortodontik tedaviyi tercih edebilirler. Ancak k\u00fc\u00e7\u00fck ya\u015fta ba\u015flanan ortodontik tedaviyle di\u015f ve \u00e7ene geli\u015fimi desteklenerek ileride daha b\u00fcy\u00fck problemler ya\u015faman\u0131n \u00f6n\u00fcne ge\u00e7ilebilir.\u00a0 Di\u015f ve \u00e7ene d\u00fczensizliklerinin bu tedaviyle d\u00fczeltilmesinin yan\u0131 s\u0131ra, \u00e7ene problemleri ve solunum bozukluklar\u0131 gibi fonksiyonel sorunlar da d\u00fczeltilebilir. Bu, genel sa\u011fl\u0131\u011f\u0131n\u0131z\u0131 iyile\u015ftirebilir ve a\u011f\u0131z solunumu gibi sorunlara \u00e7\u00f6z\u00fcm sa\u011flayabilir. \u00d6zetle ortodontik tedavi, sa\u011fl\u0131kl\u0131 ve estetik bir g\u00fcl\u00fc\u015fe ula\u015fman\u0131n g\u00fcvenilir bir yoludur. Di\u015f teli veya \u015feffaf plak gibi se\u00e7eneklerle, herkes kendi ihtiya\u00e7lar\u0131na uygun bir \u00e7\u00f6z\u00fcm bulabilir. Sa\u011fl\u0131kl\u0131 bir g\u00fcl\u00fc\u015fe ad\u0131m atmak i\u00e7in bir di\u015f hekimiyle g\u00f6r\u00fc\u015fmek, sizin i\u00e7in en uygun tedavi plan\u0131n\u0131 belirlemenin ilk ad\u0131m\u0131 olabilir.\" \/>\n<meta property=\"og:url\" content=\"https:\/\/subutayhanaltintas.com\/en\/saglikli-ve-guzel-bir-guluse-ulasmanin-yolu-ortodontik-tedavi-hakkinda-her-sey\/\" \/>\n<meta property=\"og:site_name\" content=\"Subutay Han Alt\u0131nta\u015f\" \/>\n<meta property=\"article:publisher\" content=\"https:\/\/www.facebook.com\/profile.php?id=100086531177669\" \/>\n<meta property=\"article:modified_time\" content=\"2024-02-05T09:31:10+00:00\" \/>\n<meta name=\"twitter:card\" content=\"summary_large_image\" \/>\n<meta name=\"twitter:label1\" content=\"Est. reading time\" \/>\n\t<meta name=\"twitter:data1\" content=\"2 minutes\" \/>\n<script type=\"application\/ld+json\" class=\"yoast-schema-graph\">{\"@context\":\"https:\/\/schema.org\",\"@graph\":[{\"@type\":\"WebPage\",\"@id\":\"https:\/\/subutayhanaltintas.com\/saglikli-ve-guzel-bir-guluse-ulasmanin-yolu-ortodontik-tedavi-hakkinda-her-sey\/\",\"url\":\"https:\/\/subutayhanaltintas.com\/saglikli-ve-guzel-bir-guluse-ulasmanin-yolu-ortodontik-tedavi-hakkinda-her-sey\/\",\"name\":\"Sa\u011fl\u0131kl\u0131 ve G\u00fczel Bir G\u00fcl\u00fc\u015fe Ula\u015fman\u0131n Yolu: Ortodontik Tedavi Hakk\u0131nda Her \u015eey - Subutay Han Alt\u0131nta\u015f\",\"isPartOf\":{\"@id\":\"https:\/\/subutayhanaltintas.com\/#website\"},\"datePublished\":\"2024-02-05T09:21:58+00:00\",\"dateModified\":\"2024-02-05T09:31:10+00:00\",\"breadcrumb\":{\"@id\":\"https:\/\/subutayhanaltintas.com\/saglikli-ve-guzel-bir-guluse-ulasmanin-yolu-ortodontik-tedavi-hakkinda-her-sey\/#breadcrumb\"},\"inLanguage\":\"en-US\",\"potentialAction\":[{\"@type\":\"ReadAction\",\"target\":[\"https:\/\/subutayhanaltintas.com\/saglikli-ve-guzel-bir-guluse-ulasmanin-yolu-ortodontik-tedavi-hakkinda-her-sey\/\"]}]},{\"@type\":\"BreadcrumbList\",\"@id\":\"https:\/\/subutayhanaltintas.com\/saglikli-ve-guzel-bir-guluse-ulasmanin-yolu-ortodontik-tedavi-hakkinda-her-sey\/#breadcrumb\",\"itemListElement\":[{\"@type\":\"ListItem\",\"position\":1,\"name\":\"Anasayfa\",\"item\":\"https:\/\/subutayhanaltintas.com\/\"},{\"@type\":\"ListItem\",\"position\":2,\"name\":\"Sa\u011fl\u0131kl\u0131 ve G\u00fczel Bir G\u00fcl\u00fc\u015fe Ula\u015fman\u0131n Yolu: Ortodontik Tedavi Hakk\u0131nda Her \u015eey\"}]},{\"@type\":\"WebSite\",\"@id\":\"https:\/\/subutayhanaltintas.com\/#website\",\"url\":\"https:\/\/subutayhanaltintas.com\/\",\"name\":\"Ni\u015fanta\u015f\u0131 Di\u015f Klini\u011fi Subutay Han Alt\u0131nta\u015f\",\"description\":\"Di\u015f Klini\u011fi\",\"publisher\":{\"@id\":\"https:\/\/subutayhanaltintas.com\/#organization\"},\"potentialAction\":[{\"@type\":\"SearchAction\",\"target\":{\"@type\":\"EntryPoint\",\"urlTemplate\":\"https:\/\/subutayhanaltintas.com\/?s={search_term_string}\"},\"query-input\":\"required name=search_term_string\"}],\"inLanguage\":\"en-US\"},{\"@type\":\"Organization\",\"@id\":\"https:\/\/subutayhanaltintas.com\/#organization\",\"name\":\"Prof. Dr. Subutay Han ALTINTA\u015e\",\"url\":\"https:\/\/subutayhanaltintas.com\/\",\"logo\":{\"@type\":\"ImageObject\",\"inLanguage\":\"en-US\",\"@id\":\"https:\/\/subutayhanaltintas.com\/#\/schema\/logo\/image\/\",\"url\":\"https:\/\/subutayhanaltintas.com\/wp-content\/uploads\/2024\/01\/logo2.png\",\"contentUrl\":\"https:\/\/subutayhanaltintas.com\/wp-content\/uploads\/2024\/01\/logo2.png\",\"width\":929,\"height\":970,\"caption\":\"Prof. Dr. Subutay Han ALTINTA\u015e\"},\"image\":{\"@id\":\"https:\/\/subutayhanaltintas.com\/#\/schema\/logo\/image\/\"},\"sameAs\":[\"https:\/\/www.facebook.com\/profile.php?id=100086531177669\",\"https:\/\/www.instagram.com\/prof.dr.subutayhan\"]}]}<\/script>\n<!-- \/ Yoast SEO plugin. -->","yoast_head_json":{"title":"Sa\u011fl\u0131kl\u0131 ve G\u00fczel Bir G\u00fcl\u00fc\u015fe Ula\u015fman\u0131n Yolu: Ortodontik Tedavi Hakk\u0131nda Her \u015eey - Subutay Han Alt\u0131nta\u015f","robots":{"index":"index","follow":"follow","max-snippet":"max-snippet:-1","max-image-preview":"max-image-preview:large","max-video-preview":"max-video-preview:-1"},"canonical":"https:\/\/subutayhanaltintas.com\/en\/saglikli-ve-guzel-bir-guluse-ulasmanin-yolu-ortodontik-tedavi-hakkinda-her-sey\/","og_locale":"en_US","og_type":"article","og_title":"Sa\u011fl\u0131kl\u0131 ve G\u00fczel Bir G\u00fcl\u00fc\u015fe Ula\u015fman\u0131n Yolu: Ortodontik Tedavi Hakk\u0131nda Her \u015eey - Subutay Han Alt\u0131nta\u015f","og_description":"G\u00fcl\u00fc\u015f\u00fcn\u00fcz, sadece d\u0131\u015f g\u00f6r\u00fcn\u00fc\u015f\u00fcn\u00fcz\u00fc de\u011fil, ayn\u0131 zamanda genel sa\u011fl\u0131\u011f\u0131n\u0131z\u0131 da yans\u0131tan \u00f6nemli bir unsurdur. Ortodontik tedavi, d\u00fczensiz di\u015flerinizi d\u00fczeltmek ve sa\u011fl\u0131kl\u0131 bir g\u00fcl\u00fc\u015fe kavu\u015fman\u0131z\u0131 sa\u011flamak i\u00e7in kullan\u0131lan etkili bir y\u00f6ntemdir. Bu yaz\u0131da, ortodontik tedavinin ne oldu\u011funu, kimler i\u00e7in uygun oldu\u011funu inceleyece\u011fiz. Di\u015f Teli Nedir? Ortodontik tedavide s\u0131k\u00e7a kullan\u0131lan bir y\u00f6ntem olan &#8220;di\u015f teli&#8221;, d\u00fczensiz di\u015fleri d\u00fczeltmek ve \u00e7ene yap\u0131s\u0131n\u0131 d\u00fczenlemek amac\u0131yla di\u015flere tak\u0131lan bir apareydir. Metal braketler, tel ve lastik halkalar i\u00e7eren di\u015f telleri, tedavi s\u00fcrecini etkili bir \u015fekilde y\u00f6nlendirmeye yard\u0131mc\u0131 olur. Invisalign yani \u015feffaf ortodonti \u00e7\u00f6z\u00fcm\u00fc ise; geleneksel di\u015f tellerinden farkl\u0131 olarak, kolayl\u0131kla tak\u0131l\u0131p \u00e7\u0131kar\u0131lan plaklar kullanarak di\u015f d\u00fczeltme sa\u011flayan modern bir ortodontik tedavi y\u00f6ntemidir. G\u00f6r\u00fcnmez olmalar\u0131, estetik kayg\u0131lar\u0131 olan bireyler i\u00e7in ideal bir se\u00e7enek sunar. Teller veya \u015feffaf plaklar ile yap\u0131lan bu tedavi genellikle gen\u00e7ler i\u00e7in d\u00fc\u015f\u00fcn\u00fclse de, asl\u0131nda her ya\u015f grubundan bireylere hitap eder. \u00c7ocuklar, gen\u00e7ler ve yeti\u015fkinler, di\u015f problemlerini \u00e7\u00f6zmek ve sa\u011fl\u0131kl\u0131 bir g\u00fcl\u00fc\u015fe kavu\u015fmak i\u00e7in ortodontik tedaviyi tercih edebilirler. Ancak k\u00fc\u00e7\u00fck ya\u015fta ba\u015flanan ortodontik tedaviyle di\u015f ve \u00e7ene geli\u015fimi desteklenerek ileride daha b\u00fcy\u00fck problemler ya\u015faman\u0131n \u00f6n\u00fcne ge\u00e7ilebilir.\u00a0 Di\u015f ve \u00e7ene d\u00fczensizliklerinin bu tedaviyle d\u00fczeltilmesinin yan\u0131 s\u0131ra, \u00e7ene problemleri ve solunum bozukluklar\u0131 gibi fonksiyonel sorunlar da d\u00fczeltilebilir. Bu, genel sa\u011fl\u0131\u011f\u0131n\u0131z\u0131 iyile\u015ftirebilir ve a\u011f\u0131z solunumu gibi sorunlara \u00e7\u00f6z\u00fcm sa\u011flayabilir. \u00d6zetle ortodontik tedavi, sa\u011fl\u0131kl\u0131 ve estetik bir g\u00fcl\u00fc\u015fe ula\u015fman\u0131n g\u00fcvenilir bir yoludur. Di\u015f teli veya \u015feffaf plak gibi se\u00e7eneklerle, herkes kendi ihtiya\u00e7lar\u0131na uygun bir \u00e7\u00f6z\u00fcm bulabilir. Sa\u011fl\u0131kl\u0131 bir g\u00fcl\u00fc\u015fe ad\u0131m atmak i\u00e7in bir di\u015f hekimiyle g\u00f6r\u00fc\u015fmek, sizin i\u00e7in en uygun tedavi plan\u0131n\u0131 belirlemenin ilk ad\u0131m\u0131 olabilir.","og_url":"https:\/\/subutayhanaltintas.com\/en\/saglikli-ve-guzel-bir-guluse-ulasmanin-yolu-ortodontik-tedavi-hakkinda-her-sey\/","og_site_name":"Subutay Han Alt\u0131nta\u015f","article_publisher":"https:\/\/www.facebook.com\/profile.php?id=100086531177669","article_modified_time":"2024-02-05T09:31:10+00:00","twitter_card":"summary_large_image","twitter_misc":{"Est. reading time":"2 minutes"},"schema":{"@context":"https:\/\/schema.org","@graph":[{"@type":"WebPage","@id":"https:\/\/subutayhanaltintas.com\/saglikli-ve-guzel-bir-guluse-ulasmanin-yolu-ortodontik-tedavi-hakkinda-her-sey\/","url":"https:\/\/subutayhanaltintas.com\/saglikli-ve-guzel-bir-guluse-ulasmanin-yolu-ortodontik-tedavi-hakkinda-her-sey\/","name":"Sa\u011fl\u0131kl\u0131 ve G\u00fczel Bir G\u00fcl\u00fc\u015fe Ula\u015fman\u0131n Yolu: Ortodontik Tedavi Hakk\u0131nda Her \u015eey - Subutay Han Alt\u0131nta\u015f","isPartOf":{"@id":"https:\/\/subutayhanaltintas.com\/#website"},"datePublished":"2024-02-05T09:21:58+00:00","dateModified":"2024-02-05T09:31:10+00:00","breadcrumb":{"@id":"https:\/\/subutayhanaltintas.com\/saglikli-ve-guzel-bir-guluse-ulasmanin-yolu-ortodontik-tedavi-hakkinda-her-sey\/#breadcrumb"},"inLanguage":"en-US","potentialAction":[{"@type":"ReadAction","target":["https:\/\/subutayhanaltintas.com\/saglikli-ve-guzel-bir-guluse-ulasmanin-yolu-ortodontik-tedavi-hakkinda-her-sey\/"]}]},{"@type":"BreadcrumbList","@id":"https:\/\/subutayhanaltintas.com\/saglikli-ve-guzel-bir-guluse-ulasmanin-yolu-ortodontik-tedavi-hakkinda-her-sey\/#breadcrumb","itemListElement":[{"@type":"ListItem","position":1,"name":"Anasayfa","item":"https:\/\/subutayhanaltintas.com\/"},{"@type":"ListItem","position":2,"name":"Sa\u011fl\u0131kl\u0131 ve G\u00fczel Bir G\u00fcl\u00fc\u015fe Ula\u015fman\u0131n Yolu: Ortodontik Tedavi Hakk\u0131nda Her \u015eey"}]},{"@type":"WebSite","@id":"https:\/\/subutayhanaltintas.com\/#website","url":"https:\/\/subutayhanaltintas.com\/","name":"Ni\u015fanta\u015f\u0131 Di\u015f Klini\u011fi Subutay Han Alt\u0131nta\u015f","description":"Di\u015f Klini\u011fi","publisher":{"@id":"https:\/\/subutayhanaltintas.com\/#organization"},"potentialAction":[{"@type":"SearchAction","target":{"@type":"EntryPoint","urlTemplate":"https:\/\/subutayhanaltintas.com\/?s={search_term_string}"},"query-input":"required name=search_term_string"}],"inLanguage":"en-US"},{"@type":"Organization","@id":"https:\/\/subutayhanaltintas.com\/#organization","name":"Prof. Dr. Subutay Han ALTINTA\u015e","url":"https:\/\/subutayhanaltintas.com\/","logo":{"@type":"ImageObject","inLanguage":"en-US","@id":"https:\/\/subutayhanaltintas.com\/#\/schema\/logo\/image\/","url":"https:\/\/subutayhanaltintas.com\/wp-content\/uploads\/2024\/01\/logo2.png","contentUrl":"https:\/\/subutayhanaltintas.com\/wp-content\/uploads\/2024\/01\/logo2.png","width":929,"height":970,"caption":"Prof. Dr. Subutay Han ALTINTA\u015e"},"image":{"@id":"https:\/\/subutayhanaltintas.com\/#\/schema\/logo\/image\/"},"sameAs":["https:\/\/www.facebook.com\/profile.php?id=100086531177669","https:\/\/www.instagram.com\/prof.dr.subutayhan"]}]}},"_links":{"self":[{"href":"https:\/\/subutayhanaltintas.com\/en\/wp-json\/wp\/v2\/pages\/4697","targetHints":{"allow":["GET"]}}],"collection":[{"href":"https:\/\/subutayhanaltintas.com\/en\/wp-json\/wp\/v2\/pages"}],"about":[{"href":"https:\/\/subutayhanaltintas.com\/en\/wp-json\/wp\/v2\/types\/page"}],"author":[{"embeddable":true,"href":"https:\/\/subutayhanaltintas.com\/en\/wp-json\/wp\/v2\/users\/2"}],"replies":[{"embeddable":true,"href":"https:\/\/subutayhanaltintas.com\/en\/wp-json\/wp\/v2\/comments?post=4697"}],"version-history":[{"count":5,"href":"https:\/\/subutayhanaltintas.com\/en\/wp-json\/wp\/v2\/pages\/4697\/revisions"}],"predecessor-version":[{"id":4702,"href":"https:\/\/subutayhanaltintas.com\/en\/wp-json\/wp\/v2\/pages\/4697\/revisions\/4702"}],"wp:attachment":[{"href":"https:\/\/subutayhanaltintas.com\/en\/wp-json\/wp\/v2\/media?parent=4697"}],"curies":[{"name":"wp","href":"https:\/\/api.w.org\/{rel}","templated":true}]}}